{"id":1113,"date":"2016-10-26T06:11:23","date_gmt":"2016-10-26T06:11:23","guid":{"rendered":"https:\/\/www.tiruna.com\/en\/corrugating-rolls\/rdi\/diseno-de-perfiles\/"},"modified":"2017-03-03T16:03:23","modified_gmt":"2017-03-03T16:03:23","slug":"profile-optimization","status":"publish","type":"page","link":"https:\/\/www.tiruna.com\/en\/corrugating-rolls\/rdi\/profile-optimization\/","title":{"rendered":"Profile Optimization"},"content":{"rendered":"<p>[et_pb_section admin_label=&#8221;Secci\u00f3n&#8221; transparent_background=&#8221;on&#8221; background_color=&#8221;rgba(0,0,0,0.81)&#8221; allow_player_pause=&#8221;off&#8221; inner_shadow=&#8221;off&#8221; parallax=&#8221;off&#8221; parallax_method=&#8221;off&#8221; padding_mobile=&#8221;off&#8221; make_fullwidth=&#8221;off&#8221; use_custom_width=&#8221;off&#8221; width_unit=&#8221;on&#8221; custom_width_px=&#8221;1080px&#8221; custom_width_percent=&#8221;80%&#8221; make_equal=&#8221;off&#8221; use_custom_gutter=&#8221;off&#8221; fullwidth=&#8221;off&#8221; specialty=&#8221;off&#8221; module_class=&#8221;seccion_titulo_h1&#8243; disabled=&#8221;off&#8221;][et_pb_row admin_label=&#8221;Fila&#8221; make_fullwidth=&#8221;off&#8221; use_custom_width=&#8221;off&#8221; width_unit=&#8221;off&#8221; custom_width_px=&#8221;1080px&#8221; custom_width_percent=&#8221;80%&#8221; use_custom_gutter=&#8221;off&#8221; gutter_width=&#8221;1&#8243; padding_mobile=&#8221;off&#8221; allow_player_pause=&#8221;off&#8221; parallax=&#8221;off&#8221; parallax_method=&#8221;on&#8221; make_equal=&#8221;off&#8221; column_padding_mobile=&#8221;on&#8221; parallax_1=&#8221;off&#8221; parallax_method_1=&#8221;on&#8221; parallax_2=&#8221;off&#8221; parallax_method_2=&#8221;on&#8221; parallax_3=&#8221;off&#8221; parallax_method_3=&#8221;on&#8221; parallax_4=&#8221;off&#8221; parallax_method_4=&#8221;on&#8221; disabled=&#8221;off&#8221;][et_pb_column type=&#8221;4_4&#8243;][et_pb_text admin_label=&#8221;Titulo&#8221; background_layout=&#8221;light&#8221; text_orientation=&#8221;left&#8221; module_class=&#8221;titulo_h1&#8243; use_border_color=&#8221;off&#8221; border_style=&#8221;solid&#8221; disabled=&#8221;off&#8221; border_color=&#8221;#ffffff&#8221;]<\/p>\n<h1>Profile Optimization<\/h1>\n<p>[\/et_pb_text][\/et_pb_column][\/et_pb_row][\/et_pb_section][et_pb_section admin_label=&#8221;Secci\u00f3n&#8221; transparent_background=&#8221;on&#8221; allow_player_pause=&#8221;off&#8221; inner_shadow=&#8221;off&#8221; parallax=&#8221;off&#8221; parallax_method=&#8221;off&#8221; padding_mobile=&#8221;off&#8221; make_fullwidth=&#8221;off&#8221; use_custom_width=&#8221;off&#8221; width_unit=&#8221;on&#8221; custom_width_px=&#8221;1080px&#8221; custom_width_percent=&#8221;80%&#8221; make_equal=&#8221;on&#8221; use_custom_gutter=&#8221;off&#8221; fullwidth=&#8221;off&#8221; specialty=&#8221;on&#8221; parallax_1=&#8221;off&#8221; parallax_2=&#8221;off&#8221; parallax_method_1=&#8221;off&#8221; parallax_method_2=&#8221;off&#8221; module_class_1=&#8221;menu_lateral_menu&#8221; module_class_2=&#8221;menu_lateral_cuerpo&#8221; module_class=&#8221;menus_lateral&#8221; disabled=&#8221;off&#8221;][et_pb_column type=&#8221;1_4&#8243;][et_pb_sidebar admin_label=&#8221;Barra lateral&#8221; orientation=&#8221;left&#8221; area=&#8221;et_pb_widget_area_1&#8243; background_layout=&#8221;light&#8221; disabled=&#8221;off&#8221;] [\/et_pb_sidebar][\/et_pb_column][et_pb_column type=&#8221;3_4&#8243; specialty_columns=&#8221;3&#8243;][et_pb_row_inner admin_label=&#8221;row_inner&#8221; custom_padding=&#8221;20px|100px||50px&#8221; custom_padding_tablet=&#8221;|50px||20px&#8221; custom_padding_phone=&#8221;|10px||10px&#8221; padding_mobile=&#8221;off&#8221; use_custom_gutter=&#8221;off&#8221; make_equal=&#8221;off&#8221; column_padding_mobile=&#8221;on&#8221; parallax_1=&#8221;off&#8221; parallax_method_1=&#8221;off&#8221; parallax_2=&#8221;off&#8221; parallax_method_2=&#8221;on&#8221; parallax_3=&#8221;off&#8221; parallax_method_3=&#8221;on&#8221; disabled=&#8221;off&#8221;][et_pb_column_inner type=&#8221;4_4&#8243; saved_specialty_column_type=&#8221;3_4&#8243;][et_pb_text admin_label=&#8221;Texto&#8221; background_layout=&#8221;light&#8221; text_orientation=&#8221;left&#8221; use_border_color=&#8221;off&#8221; border_style=&#8221;solid&#8221; custom_padding=&#8221;20px|||&#8221; disabled=&#8221;off&#8221; border_color=&#8221;#ffffff&#8221;]<\/p>\n<h2>Profile Optimization<\/h2>\n<p>Tiru\u00f1a is the only corrugating roll manufacturer\u00a0which has implemented the structural design technology to the manufacture of corrugated as is in civil engineering.<br \/>\nWe have succeeded in supplying customers with corrugated compression values which are even higher than their\u00a0traditionals but at a production cost much lower to save in quantity or weight of the corrugating paper.<br \/>\nIn recent years, Tiru\u00f1a has obtained hundreds of profile improvement projects for customers worldwide with all types of corrugating machines, because the technology is valid, even for manufacturers who did not have machinery of the 21st century.<\/p>\n<p>[\/et_pb_text][et_pb_gallery admin_label=&#8221;Galer\u00eda&#8221; gallery_ids=&#8221;1749,1750&#8243; fullwidth=&#8221;on&#8221; show_title_and_caption=&#8221;on&#8221; show_pagination=&#8221;on&#8221; background_layout=&#8221;light&#8221; auto=&#8221;off&#8221; hover_overlay_color=&#8221;rgba(255,255,255,0.9)&#8221; caption_all_caps=&#8221;off&#8221; use_border_color=&#8221;off&#8221; border_color=&#8221;#ffffff&#8221; border_style=&#8221;solid&#8221;] [\/et_pb_gallery][\/et_pb_column_inner][\/et_pb_row_inner][et_pb_row_inner admin_label=&#8221;Fila&#8221; global_module=&#8221;213&#8243; padding_mobile=&#8221;off&#8221; use_custom_gutter=&#8221;off&#8221; column_padding_mobile=&#8221;on&#8221; make_equal=&#8221;off&#8221; parallax_1=&#8221;off&#8221; parallax_method_1=&#8221;off&#8221; module_class=&#8221;logos_certificaciones&#8221; custom_padding=&#8221;0px|0px|0px|0px&#8221;][et_pb_column_inner type=&#8221;4_4&#8243; saved_specialty_column_type=&#8221;3_4&#8243;][et_pb_text global_parent=&#8221;213&#8243; admin_label=&#8221;Logos calidad&#8221; background_layout=&#8221;light&#8221; text_orientation=&#8221;left&#8221; use_border_color=&#8221;off&#8221; border_color=&#8221;#ffffff&#8221; border_style=&#8221;solid&#8221; custom_css_main_element=&#8221;text-align:center;&#8221; custom_padding=&#8221;15px||15px|&#8221;] <a href=\"https:\/\/www.tiruna.com\/wp-content\/uploads\/2016\/10\/14_Certificado_ASME_hasta_29-marzo-2017.pdf\" target=\"_blank\"><img loading=\"lazy\" decoding=\"async\" class=\"alignnone wp-image-209 size-full\" src=\"https:\/\/www.tiruna.com\/wp-content\/uploads\/2016\/10\/certificados-tiruna_1.jpg\" alt=\"certificados-tiruna_1\" width=\"67\" height=\"79\" \/><\/a> <a href=\"https:\/\/www.tiruna.com\/wp-content\/uploads\/2016\/10\/14_2_Certificado_CE_2014_2017-03-29_es.pdf\" target=\"_blank\"><img loading=\"lazy\" decoding=\"async\" class=\"alignnone wp-image-210 size-full\" src=\"https:\/\/www.tiruna.com\/wp-content\/uploads\/2016\/10\/certificados-tiruna_2.jpg\" alt=\"certificados-tiruna_2\" width=\"109\" height=\"79\" \/><\/a> <a href=\"https:\/\/www.tiruna.com\/wp-content\/uploads\/2018\/06\/3 Certificate ISO 9001 TIRU\u00d1A eng esp. Valid until 31-5-2027.pdf\" target=\"_blank\"><img loading=\"lazy\" decoding=\"async\" class=\"alignnone wp-image-211 size-full\" src=\"https:\/\/www.tiruna.com\/wp-content\/uploads\/2016\/10\/certificados-tiruna_3.jpg\" alt=\"certificados-tiruna_3\" width=\"104\" height=\"79\" \/><\/a><a href=\"https:\/\/www.tiruna.com\/wp-content\/uploads\/2016\/10\/14_NB_R_Certificate_of_Authorization_2014-2017.pdf\" target=\"_blank\"><img loading=\"lazy\" decoding=\"async\" class=\"alignnone wp-image-532 size-full\" src=\"https:\/\/www.tiruna.com\/wp-content\/uploads\/2016\/10\/certificados-tiruna_4_1.jpg\" alt=\"certificados-tiruna_4_1\" width=\"51\" height=\"79\" \/><\/a> <a href=\"https:\/\/www.tiruna.com\/wp-content\/uploads\/2016\/10\/14_5_Certificate_of_Authorization_NB_sello_U_2014_valido_hasta_29-03-2017.pdf\"><img loading=\"lazy\" decoding=\"async\" class=\"alignnone wp-image-533 size-full\" src=\"https:\/\/www.tiruna.com\/wp-content\/uploads\/2016\/10\/certificados-tiruna_4_2.jpg\" alt=\"certificados-tiruna_4_2\" width=\"56\" height=\"79\" \/><\/a> [\/et_pb_text][\/et_pb_column_inner][\/et_pb_row_inner][\/et_pb_column][\/et_pb_section][et_pb_section admin_label=&#8221;Secci\u00f3n&#8221; global_module=&#8221;130&#8243; fullwidth=&#8221;off&#8221; specialty=&#8221;off&#8221; transparent_background=&#8221;off&#8221; allow_player_pause=&#8221;off&#8221; inner_shadow=&#8221;off&#8221; parallax=&#8221;off&#8221; parallax_method=&#8221;off&#8221; padding_mobile=&#8221;off&#8221; make_fullwidth=&#8221;off&#8221; use_custom_width=&#8221;off&#8221; width_unit=&#8221;on&#8221; make_equal=&#8221;off&#8221; use_custom_gutter=&#8221;off&#8221; module_class=&#8221;seccion_formulario&#8221; background_color=&#8221;rgba(43,116,221,0.9)&#8221; background_image=&#8221;https:\/\/www.tiruna.com\/wp-content\/uploads\/2016\/09\/az-menu-superior.png&#8221;][et_pb_row global_parent=&#8221;130&#8243; admin_label=&#8221;Fila&#8221;][et_pb_column type=&#8221;1_3&#8243;][et_pb_text global_parent=&#8221;130&#8243; admin_label=&#8221;Texto Formulario&#8221; background_layout=&#8221;light&#8221; text_orientation=&#8221;left&#8221; text_font_size_last_edited=&#8221;on|tablet&#8221; text_text_color=&#8221;#ffffff&#8221; use_border_color=&#8221;off&#8221; border_color=&#8221;#ffffff&#8221; border_style=&#8221;solid&#8221; text_font_size=&#8221;18&#8243; text_font_size_tablet=&#8221;16&#8243; text_font_size_phone=&#8221;14&#8243; header_text_color=&#8221;#ffffff&#8221; header_line_height=&#8221;1.2em&#8221; text_line_height=&#8221;1.2em&#8221;]<\/p>\n<div>\n<h2>Want to know more about our products?<\/h2>\n<p>Tell us about your needs, we want to help you.<\/p><\/div>\n<p>[\/et_pb_text][\/et_pb_column][et_pb_column type=&#8221;2_3&#8243;][et_pb_text global_parent=&#8221;130&#8243; admin_label=&#8221;Formulario&#8221; background_layout=&#8221;light&#8221; text_orientation=&#8221;left&#8221; use_border_color=&#8221;off&#8221; border_color=&#8221;#ffffff&#8221; border_style=&#8221;solid&#8221;] \n<div class=\"wpcf7 no-js\" id=\"wpcf7-f685-o1\" lang=\"es-ES\" dir=\"ltr\" data-wpcf7-id=\"685\">\n<div class=\"screen-reader-response\"><p role=\"status\" aria-live=\"polite\" aria-atomic=\"true\"><\/p> <ul><\/ul><\/div>\n<form action=\"\/en\/wp-json\/wp\/v2\/pages\/1113#wpcf7-f685-o1\" method=\"post\" class=\"wpcf7-form init\" aria-label=\"Formulario de contacto\" novalidate=\"novalidate\" data-status=\"init\">\n<fieldset class=\"hidden-fields-container\"><input type=\"hidden\" name=\"_wpcf7\" value=\"685\" \/><input type=\"hidden\" name=\"_wpcf7_version\" value=\"6.1.5\" \/><input type=\"hidden\" name=\"_wpcf7_locale\" value=\"es_ES\" \/><input type=\"hidden\" name=\"_wpcf7_unit_tag\" value=\"wpcf7-f685-o1\" \/><input type=\"hidden\" name=\"_wpcf7_container_post\" value=\"0\" \/><input type=\"hidden\" name=\"_wpcf7_posted_data_hash\" value=\"\" \/>\n<\/fieldset>\n<div class=\"gr1form\">\n\t<p><span class=\"wpcf7-form-control-wrap\" data-name=\"your-name\"><input size=\"40\" maxlength=\"400\" class=\"wpcf7-form-control wpcf7-text wpcf7-validates-as-required\" aria-required=\"true\" aria-invalid=\"false\" value=\"Name\" type=\"text\" name=\"your-name\" \/><\/span>\n\t<\/p>\n\t<p><span class=\"wpcf7-form-control-wrap\" data-name=\"tel-546\"><input size=\"40\" maxlength=\"400\" class=\"wpcf7-form-control wpcf7-tel wpcf7-text wpcf7-validates-as-tel\" aria-invalid=\"false\" value=\"Telephone\" type=\"tel\" name=\"tel-546\" \/><\/span>\n\t<\/p>\n\t<p><span class=\"wpcf7-form-control-wrap\" data-name=\"your-email\"><input size=\"40\" maxlength=\"400\" class=\"wpcf7-form-control wpcf7-email wpcf7-validates-as-required wpcf7-text wpcf7-validates-as-email\" aria-required=\"true\" aria-invalid=\"false\" value=\"email\" type=\"email\" name=\"your-email\" \/><\/span>\n\t<\/p>\n<\/div>\n<div class=\"gr2form\">\n\t<p class=\"subtit\">Products of interest\n\t<\/p>\n\t<p><span class=\"wpcf7-form-control-wrap\" data-name=\"radio-781\"><span class=\"wpcf7-form-control wpcf7-radio\"><span class=\"wpcf7-list-item first\"><input type=\"radio\" name=\"radio-781\" value=\"Corrugating rolls\" checked=\"checked\" \/><span class=\"wpcf7-list-item-label\">Corrugating rolls<\/span><\/span><span class=\"wpcf7-list-item last\"><input type=\"radio\" name=\"radio-781\" value=\"Heavy industry manufacturing\" \/><span class=\"wpcf7-list-item-label\">Heavy industry manufacturing<\/span><\/span><\/span><\/span>\n\t<\/p>\n<\/div>\n<p class=\"clear\"\/>\n<\/p>\n<div class=\"gr3form\">\n\t<p class=\"p_acept\"><span class=\"wpcf7-form-control-wrap\" data-name=\"acceptance-598\"><span class=\"wpcf7-form-control wpcf7-acceptance\"><span class=\"wpcf7-list-item\"><input type=\"checkbox\" name=\"acceptance-598\" value=\"1\" aria-invalid=\"false\" \/><\/span><\/span><\/span><a href=\"\/en\/legal-notice\/\" title=\"Data Protection Policy\"  rel=\"lightbox\" data-lightbox-type=\"iframe\" class=\"acept\" target=\"_blank\">I have read and accept the Data Protection Policy<\/a>\n\t<\/p>\n\t<p class=\"p_enviar\"><input class=\"wpcf7-form-control wpcf7-submit has-spinner\" type=\"submit\" value=\"Send\" \/>\n\t<\/p>\n\t<p class=\"p_pregunta\"><span class=\"wpcf7-form-control-wrap\" data-name=\"quiz-552\"><label><span class=\"wpcf7-quiz-label\">10+2=<\/span> <input size=\"40\" class=\"wpcf7-form-control wpcf7-quiz pregunta\" autocomplete=\"off\" aria-required=\"true\" aria-invalid=\"false\" type=\"text\" name=\"quiz-552\" \/><\/label><input type=\"hidden\" name=\"_wpcf7_quiz_answer_quiz-552\" value=\"bf89db2a5bb1a7667f11c9f0402f19e8\" \/><\/span>\n\t<\/p>\n\t<p class=\"clear\"\/>\n\t<\/p>\n<\/div>\n<p class=\"clear\"\/>\n<\/p><div class=\"wpcf7-response-output\" aria-hidden=\"true\"><\/div>\n<\/form>\n<\/div>\n [\/et_pb_text][\/et_pb_column][\/et_pb_row][\/et_pb_section]<\/p>\n","protected":false},"excerpt":{"rendered":"<p>Profile Optimization Profile Optimization Tiru\u00f1a is the only corrugating roll manufacturer\u00a0which has implemented the structural design technology to the manufacture of corrugated as is in civil engineering. We have succeeded in supplying customers with corrugated compression values which are even higher than their\u00a0traditionals but at a production cost much lower to save in quantity or [&hellip;]<\/p>\n","protected":false},"author":1,"featured_media":0,"parent":717,"menu_order":0,"comment_status":"closed","ping_status":"open","template":"","meta":{"_et_pb_use_builder":"on","_et_pb_old_content":"<p>Esto es una p\u00e1gina de ejemplo. Es diferente a una entrada porque permanece fija en un lugar y se mostrar\u00e1 en la navegaci\u00f3n de tu sitio (en la mayor\u00eda de los temas). La mayor\u00eda de la gente empieza con una p\u00e1gina de Acerca de, que les presenta a los potenciales visitantes del sitio. Podr\u00eda ser algo como esto:<\/p><blockquote><p>\u00a1Hola! Soy mensajero por el d\u00eda, aspirante a actor por la noche, y este es mi blog. Vivo en Madrid, tengo un perrazo llamado Duque y me gustan las pi\u00f1as coladas (y que me pille un chaparr\u00f3n)<\/p><\/blockquote><p>...o algo as\u00ed:<\/p><blockquote><p>La empresa XYZ se fund\u00f3 en 1971 y ha estado ofreciendo \"cosas\" de calidad al p\u00fablico desde entonces. Situada en Madrid, XYZ emplea a m\u00e1s de 2.000 personas y hace todo tipo de cosas sorprendentes para la comunidad de Madrid.<\/p><\/blockquote><p>Si eres nuevo en WordPress deber\u00edas ir a <a href=\"https:\/\/www.tiruna.com\/wp-admin\/\">tu escritorio<\/a> para borrar esta p\u00e1gina y crear p\u00e1ginas nuevas con tu propio contenido. \u00a1P\u00e1salo bien!<\/p>","_et_gb_content_width":"","footnotes":""},"class_list":["post-1113","page","type-page","status-publish","hentry"],"yoast_head":"<!-- This site is optimized with the Yoast SEO plugin v27.4 - https:\/\/yoast.com\/product\/yoast-seo-wordpress\/ -->\n<title>Profile Optimization - TIru\u00f1a<\/title>\n<meta name=\"robots\" content=\"index, follow, max-snippet:-1, max-image-preview:large, max-video-preview:-1\" \/>\n<link rel=\"canonical\" href=\"https:\/\/www.tiruna.com\/en\/corrugating-rolls\/rdi\/profile-optimization\/\" \/>\n<meta property=\"og:locale\" content=\"en_US\" \/>\n<meta property=\"og:type\" content=\"article\" \/>\n<meta property=\"og:title\" content=\"Profile Optimization - TIru\u00f1a\" \/>\n<meta property=\"og:description\" content=\"Profile Optimization Profile Optimization Tiru\u00f1a is the only corrugating roll manufacturer\u00a0which has implemented the structural design technology to the manufacture of corrugated as is in civil engineering. We have succeeded in supplying customers with corrugated compression values which are even higher than their\u00a0traditionals but at a production cost much lower to save in quantity or [&hellip;]\" \/>\n<meta property=\"og:url\" content=\"https:\/\/www.tiruna.com\/en\/corrugating-rolls\/rdi\/profile-optimization\/\" \/>\n<meta property=\"og:site_name\" content=\"TIru\u00f1a\" \/>\n<meta property=\"article:modified_time\" content=\"2017-03-03T16:03:23+00:00\" \/>\n<meta property=\"og:image\" content=\"https:\/\/www.tiruna.com\/wp-content\/uploads\/2016\/10\/certificados-tiruna_1.jpg\" \/>\n<meta name=\"twitter:card\" content=\"summary_large_image\" \/>\n<meta name=\"twitter:label1\" content=\"Est. reading time\" \/>\n\t<meta name=\"twitter:data1\" content=\"4 minutes\" \/>\n<script type=\"application\/ld+json\" class=\"yoast-schema-graph\">{\"@context\":\"https:\\\/\\\/schema.org\",\"@graph\":[{\"@type\":\"WebPage\",\"@id\":\"https:\\\/\\\/www.tiruna.com\\\/en\\\/corrugating-rolls\\\/rdi\\\/profile-optimization\\\/\",\"url\":\"https:\\\/\\\/www.tiruna.com\\\/en\\\/corrugating-rolls\\\/rdi\\\/profile-optimization\\\/\",\"name\":\"Profile Optimization - TIru\u00f1a\",\"isPartOf\":{\"@id\":\"https:\\\/\\\/www.tiruna.com\\\/en\\\/#website\"},\"primaryImageOfPage\":{\"@id\":\"https:\\\/\\\/www.tiruna.com\\\/en\\\/corrugating-rolls\\\/rdi\\\/profile-optimization\\\/#primaryimage\"},\"image\":{\"@id\":\"https:\\\/\\\/www.tiruna.com\\\/en\\\/corrugating-rolls\\\/rdi\\\/profile-optimization\\\/#primaryimage\"},\"thumbnailUrl\":\"https:\\\/\\\/www.tiruna.com\\\/wp-content\\\/uploads\\\/2016\\\/10\\\/certificados-tiruna_1.jpg\",\"datePublished\":\"2016-10-26T06:11:23+00:00\",\"dateModified\":\"2017-03-03T16:03:23+00:00\",\"breadcrumb\":{\"@id\":\"https:\\\/\\\/www.tiruna.com\\\/en\\\/corrugating-rolls\\\/rdi\\\/profile-optimization\\\/#breadcrumb\"},\"inLanguage\":\"en-US\",\"potentialAction\":[{\"@type\":\"ReadAction\",\"target\":[\"https:\\\/\\\/www.tiruna.com\\\/en\\\/corrugating-rolls\\\/rdi\\\/profile-optimization\\\/\"]}]},{\"@type\":\"ImageObject\",\"inLanguage\":\"en-US\",\"@id\":\"https:\\\/\\\/www.tiruna.com\\\/en\\\/corrugating-rolls\\\/rdi\\\/profile-optimization\\\/#primaryimage\",\"url\":\"https:\\\/\\\/www.tiruna.com\\\/wp-content\\\/uploads\\\/2016\\\/10\\\/certificados-tiruna_1.jpg\",\"contentUrl\":\"https:\\\/\\\/www.tiruna.com\\\/wp-content\\\/uploads\\\/2016\\\/10\\\/certificados-tiruna_1.jpg\"},{\"@type\":\"BreadcrumbList\",\"@id\":\"https:\\\/\\\/www.tiruna.com\\\/en\\\/corrugating-rolls\\\/rdi\\\/profile-optimization\\\/#breadcrumb\",\"itemListElement\":[{\"@type\":\"ListItem\",\"position\":1,\"name\":\"Corrugating rolls\",\"item\":\"https:\\\/\\\/www.tiruna.es\\\/en\\\/corrugating-rolls\\\/\"},{\"@type\":\"ListItem\",\"position\":2,\"name\":\"R+D+I\",\"item\":\"https:\\\/\\\/www.tiruna.com\\\/en\\\/rodillos-corrugadores\\\/idi\\\/\"},{\"@type\":\"ListItem\",\"position\":3,\"name\":\"Profile Optimization\"}]},{\"@type\":\"WebSite\",\"@id\":\"https:\\\/\\\/www.tiruna.com\\\/en\\\/#website\",\"url\":\"https:\\\/\\\/www.tiruna.com\\\/en\\\/\",\"name\":\"TIru\u00f1a\",\"description\":\"TIru\u00f1a\",\"potentialAction\":[{\"@type\":\"SearchAction\",\"target\":{\"@type\":\"EntryPoint\",\"urlTemplate\":\"https:\\\/\\\/www.tiruna.com\\\/en\\\/?s={search_term_string}\"},\"query-input\":{\"@type\":\"PropertyValueSpecification\",\"valueRequired\":true,\"valueName\":\"search_term_string\"}}],\"inLanguage\":\"en-US\"}]}<\/script>\n<!-- \/ Yoast SEO plugin. -->","yoast_head_json":{"title":"Profile Optimization - TIru\u00f1a","robots":{"index":"index","follow":"follow","max-snippet":"max-snippet:-1","max-image-preview":"max-image-preview:large","max-video-preview":"max-video-preview:-1"},"canonical":"https:\/\/www.tiruna.com\/en\/corrugating-rolls\/rdi\/profile-optimization\/","og_locale":"en_US","og_type":"article","og_title":"Profile Optimization - TIru\u00f1a","og_description":"Profile Optimization Profile Optimization Tiru\u00f1a is the only corrugating roll manufacturer\u00a0which has implemented the structural design technology to the manufacture of corrugated as is in civil engineering. We have succeeded in supplying customers with corrugated compression values which are even higher than their\u00a0traditionals but at a production cost much lower to save in quantity or [&hellip;]","og_url":"https:\/\/www.tiruna.com\/en\/corrugating-rolls\/rdi\/profile-optimization\/","og_site_name":"TIru\u00f1a","article_modified_time":"2017-03-03T16:03:23+00:00","og_image":[{"url":"https:\/\/www.tiruna.com\/wp-content\/uploads\/2016\/10\/certificados-tiruna_1.jpg","type":"","width":"","height":""}],"twitter_card":"summary_large_image","twitter_misc":{"Est. reading time":"4 minutes"},"schema":{"@context":"https:\/\/schema.org","@graph":[{"@type":"WebPage","@id":"https:\/\/www.tiruna.com\/en\/corrugating-rolls\/rdi\/profile-optimization\/","url":"https:\/\/www.tiruna.com\/en\/corrugating-rolls\/rdi\/profile-optimization\/","name":"Profile Optimization - TIru\u00f1a","isPartOf":{"@id":"https:\/\/www.tiruna.com\/en\/#website"},"primaryImageOfPage":{"@id":"https:\/\/www.tiruna.com\/en\/corrugating-rolls\/rdi\/profile-optimization\/#primaryimage"},"image":{"@id":"https:\/\/www.tiruna.com\/en\/corrugating-rolls\/rdi\/profile-optimization\/#primaryimage"},"thumbnailUrl":"https:\/\/www.tiruna.com\/wp-content\/uploads\/2016\/10\/certificados-tiruna_1.jpg","datePublished":"2016-10-26T06:11:23+00:00","dateModified":"2017-03-03T16:03:23+00:00","breadcrumb":{"@id":"https:\/\/www.tiruna.com\/en\/corrugating-rolls\/rdi\/profile-optimization\/#breadcrumb"},"inLanguage":"en-US","potentialAction":[{"@type":"ReadAction","target":["https:\/\/www.tiruna.com\/en\/corrugating-rolls\/rdi\/profile-optimization\/"]}]},{"@type":"ImageObject","inLanguage":"en-US","@id":"https:\/\/www.tiruna.com\/en\/corrugating-rolls\/rdi\/profile-optimization\/#primaryimage","url":"https:\/\/www.tiruna.com\/wp-content\/uploads\/2016\/10\/certificados-tiruna_1.jpg","contentUrl":"https:\/\/www.tiruna.com\/wp-content\/uploads\/2016\/10\/certificados-tiruna_1.jpg"},{"@type":"BreadcrumbList","@id":"https:\/\/www.tiruna.com\/en\/corrugating-rolls\/rdi\/profile-optimization\/#breadcrumb","itemListElement":[{"@type":"ListItem","position":1,"name":"Corrugating rolls","item":"https:\/\/www.tiruna.es\/en\/corrugating-rolls\/"},{"@type":"ListItem","position":2,"name":"R+D+I","item":"https:\/\/www.tiruna.com\/en\/rodillos-corrugadores\/idi\/"},{"@type":"ListItem","position":3,"name":"Profile Optimization"}]},{"@type":"WebSite","@id":"https:\/\/www.tiruna.com\/en\/#website","url":"https:\/\/www.tiruna.com\/en\/","name":"TIru\u00f1a","description":"TIru\u00f1a","potentialAction":[{"@type":"SearchAction","target":{"@type":"EntryPoint","urlTemplate":"https:\/\/www.tiruna.com\/en\/?s={search_term_string}"},"query-input":{"@type":"PropertyValueSpecification","valueRequired":true,"valueName":"search_term_string"}}],"inLanguage":"en-US"}]}},"_links":{"self":[{"href":"https:\/\/www.tiruna.com\/en\/wp-json\/wp\/v2\/pages\/1113","targetHints":{"allow":["GET"]}}],"collection":[{"href":"https:\/\/www.tiruna.com\/en\/wp-json\/wp\/v2\/pages"}],"about":[{"href":"https:\/\/www.tiruna.com\/en\/wp-json\/wp\/v2\/types\/page"}],"author":[{"embeddable":true,"href":"https:\/\/www.tiruna.com\/en\/wp-json\/wp\/v2\/users\/1"}],"replies":[{"embeddable":true,"href":"https:\/\/www.tiruna.com\/en\/wp-json\/wp\/v2\/comments?post=1113"}],"version-history":[{"count":0,"href":"https:\/\/www.tiruna.com\/en\/wp-json\/wp\/v2\/pages\/1113\/revisions"}],"up":[{"embeddable":true,"href":"https:\/\/www.tiruna.com\/en\/wp-json\/wp\/v2\/pages\/717"}],"wp:attachment":[{"href":"https:\/\/www.tiruna.com\/en\/wp-json\/wp\/v2\/media?parent=1113"}],"curies":[{"name":"wp","href":"https:\/\/api.w.org\/{rel}","templated":true}]}}