{"id":1306,"date":"2016-10-13T07:39:28","date_gmt":"2016-10-13T07:39:28","guid":{"rendered":"https:\/\/www.tiruna.com\/fr\/politica-de-privacidad\/"},"modified":"2016-11-02T11:02:59","modified_gmt":"2016-11-02T11:02:59","slug":"politica-de-privacidad","status":"publish","type":"page","link":"https:\/\/www.tiruna.com\/fr\/politica-de-privacidad\/","title":{"rendered":"Information L\u00e9gale"},"content":{"rendered":"<p><strong>Merci d&rsquo;avoir visit\u00e9 notre site sur Internet.<\/strong><\/p>\n<p>Ce document r\u00e9gule l&rsquo;usage du service que Tiru\u00f1a facilite aux usagers d&rsquo;Internet. L&rsquo;utilisation de ce site suppose l&rsquo;acceptation de ces conditions, qui pourront \u00e0 tout moment \u00eatre modifi\u00e9es par Tiru\u00f1a.<\/p>\n<h2>Protection de donn\u00e9es<\/h2>\n<p>Tiru\u00f1a s&rsquo;engage \u00e0 traiter toutes les donn\u00e9es facilit\u00e9es par les visiteurs de son site web sur Internet avec une confiance totale.<\/p>\n<p>Quelconque donn\u00e9e sera incluse dans un fichier conserv\u00e9 avec la confidentialit\u00e9 et la s\u00e9curit\u00e9 n\u00e9cessaires, conform\u00e9ment \u00e0 la Loi Organique 15\/1999, du 13 d\u00e9cembre.<\/p>\n<p>L&rsquo;usager pourra \u00e0 tout moment acc\u00e9der \u00e0 ses donn\u00e9es, les modifier, les annuler, \u00e0 travers le courrier \u00e9lectronique suivant: <a title=\"talleresiruna@tiruna.com\" href=\"mailto:talleresiruna@tiruna.com\">talleresiruna@tiruna.com<\/a><\/p>\n<h2>Propri\u00e9t\u00e9 Intellectuelle<\/h2>\n<p>Ce site web et ses contenus sont prot\u00e9g\u00e9s par les lois espagnoles et internationales sur la propri\u00e9t\u00e9 intellectuelle et industrielle.<\/p>\n<p>Toute reproduction totale ou partielle de ce site web sans l&rsquo;autorisation expresse et \u00e9crite de Tiru\u00f1a est strictement interdite.<\/p>\n<h2>Information Loi 34\/2002<\/h2>\n<p>Conform\u00e9ment \u00e0 ce qui est stipul\u00e9 par la Loi 34\/2002, du 11 juillet, de Services de la Soci\u00e9t\u00e9 de l&rsquo;Information, les donn\u00e9es d&rsquo;information g\u00e9n\u00e9rale de ce site web sont:<\/p>\n<ul>\n<li>Tiru\u00f1a S.L<\/li>\n<li>CIF: B31764376<\/li>\n<li>Inscrit au registre marchand de Navarre Tome 946, feuillet 194, feuille NA-19109, inscription 1 au 18 Janvier 2003<\/li>\n<li>Poligono Industrial Ampliacion Comarca I C\/L N\u00b02 Orcoyen CP-31160<\/li>\n<li>T\u00e9l\u00e9phone: 948355111 \/ 948355108<\/li>\n<li>Fax: 948355112<\/li>\n<li>Mail: <a title=\"talleresiruna@tiruna.com\" href=\"mailto:talleresiruna@tiruna.com\">talleresiruna@tiruna.com<\/a><\/li>\n<\/ul>\n<h2>Limite de responsabilit\u00e9<\/h2>\n<p>Tiru\u00f1a ne garantit pas que son site web se trouve toujours op\u00e9rationnel, ni que ses contenus soient complets ou exactes de fa\u00e7on permanente.<\/p>\n<p>Tiru\u00f1a n&rsquo;est pas responsable des dommages ou des pr\u00e9judices, directs ou indirects, d\u00e9riv\u00e9s de l&rsquo;utilisation de l&rsquo;information d\u00e9crite sur ce site web.<\/p>\n<p>Par cons\u00e9quent, Tiru\u00f1a se r\u00e9serve le droit de modifier les sp\u00e9cificit\u00e9s des produits et services de ce site web.<\/p>\n","protected":false},"excerpt":{"rendered":"<p>Merci d&rsquo;avoir visit\u00e9 notre site sur Internet. Ce document r\u00e9gule l&rsquo;usage du service que Tiru\u00f1a facilite aux usagers d&rsquo;Internet. L&rsquo;utilisation de ce site suppose l&rsquo;acceptation de ces conditions, qui pourront \u00e0 tout moment \u00eatre modifi\u00e9es par Tiru\u00f1a. Protection de donn\u00e9es Tiru\u00f1a s&rsquo;engage \u00e0 traiter toutes les donn\u00e9es facilit\u00e9es par les visiteurs de son site web [&hellip;]<\/p>\n","protected":false},"author":1,"featured_media":0,"parent":0,"menu_order":0,"comment_status":"closed","ping_status":"closed","template":"","meta":{"_et_pb_use_builder":"on","_et_pb_old_content":"","_et_gb_content_width":"","footnotes":""},"class_list":["post-1306","page","type-page","status-publish","hentry"],"yoast_head":"<!-- This site is optimized with the Yoast SEO plugin v27.4 - https:\/\/yoast.com\/product\/yoast-seo-wordpress\/ -->\n<title>Information L\u00e9gale - TIru\u00f1a<\/title>\n<meta name=\"robots\" content=\"index, follow, max-snippet:-1, max-image-preview:large, max-video-preview:-1\" \/>\n<link rel=\"canonical\" href=\"https:\/\/www.tiruna.com\/fr\/politica-de-privacidad\/\" \/>\n<meta property=\"og:locale\" content=\"fr_FR\" \/>\n<meta property=\"og:type\" content=\"article\" \/>\n<meta property=\"og:title\" content=\"Information L\u00e9gale - TIru\u00f1a\" \/>\n<meta property=\"og:description\" content=\"Merci d&#039;avoir visit\u00e9 notre site sur Internet. Ce document r\u00e9gule l&#039;usage du service que Tiru\u00f1a facilite aux usagers d&#039;Internet. L&#039;utilisation de ce site suppose l&#039;acceptation de ces conditions, qui pourront \u00e0 tout moment \u00eatre modifi\u00e9es par Tiru\u00f1a. Protection de donn\u00e9es Tiru\u00f1a s&#039;engage \u00e0 traiter toutes les donn\u00e9es facilit\u00e9es par les visiteurs de son site web [&hellip;]\" \/>\n<meta property=\"og:url\" content=\"https:\/\/www.tiruna.com\/fr\/politica-de-privacidad\/\" \/>\n<meta property=\"og:site_name\" content=\"TIru\u00f1a\" \/>\n<meta property=\"article:modified_time\" content=\"2016-11-02T11:02:59+00:00\" \/>\n<meta name=\"twitter:card\" content=\"summary_large_image\" \/>\n<meta name=\"twitter:label1\" content=\"Dur\u00e9e de lecture estim\u00e9e\" \/>\n\t<meta name=\"twitter:data1\" content=\"2 minutes\" \/>\n<script type=\"application\/ld+json\" class=\"yoast-schema-graph\">{\"@context\":\"https:\\\/\\\/schema.org\",\"@graph\":[{\"@type\":\"WebPage\",\"@id\":\"https:\\\/\\\/www.tiruna.com\\\/fr\\\/politica-de-privacidad\\\/\",\"url\":\"https:\\\/\\\/www.tiruna.com\\\/fr\\\/politica-de-privacidad\\\/\",\"name\":\"Information L\u00e9gale - TIru\u00f1a\",\"isPartOf\":{\"@id\":\"https:\\\/\\\/www.tiruna.com\\\/fr\\\/#website\"},\"datePublished\":\"2016-10-13T07:39:28+00:00\",\"dateModified\":\"2016-11-02T11:02:59+00:00\",\"inLanguage\":\"fr-FR\",\"potentialAction\":[{\"@type\":\"ReadAction\",\"target\":[\"https:\\\/\\\/www.tiruna.com\\\/fr\\\/politica-de-privacidad\\\/\"]}]},{\"@type\":\"WebSite\",\"@id\":\"https:\\\/\\\/www.tiruna.com\\\/fr\\\/#website\",\"url\":\"https:\\\/\\\/www.tiruna.com\\\/fr\\\/\",\"name\":\"TIru\u00f1a\",\"description\":\"TIru\u00f1a\",\"potentialAction\":[{\"@type\":\"SearchAction\",\"target\":{\"@type\":\"EntryPoint\",\"urlTemplate\":\"https:\\\/\\\/www.tiruna.com\\\/fr\\\/?s={search_term_string}\"},\"query-input\":{\"@type\":\"PropertyValueSpecification\",\"valueRequired\":true,\"valueName\":\"search_term_string\"}}],\"inLanguage\":\"fr-FR\"}]}<\/script>\n<!-- \/ Yoast SEO plugin. -->","yoast_head_json":{"title":"Information L\u00e9gale - TIru\u00f1a","robots":{"index":"index","follow":"follow","max-snippet":"max-snippet:-1","max-image-preview":"max-image-preview:large","max-video-preview":"max-video-preview:-1"},"canonical":"https:\/\/www.tiruna.com\/fr\/politica-de-privacidad\/","og_locale":"fr_FR","og_type":"article","og_title":"Information L\u00e9gale - TIru\u00f1a","og_description":"Merci d'avoir visit\u00e9 notre site sur Internet. Ce document r\u00e9gule l'usage du service que Tiru\u00f1a facilite aux usagers d'Internet. L'utilisation de ce site suppose l'acceptation de ces conditions, qui pourront \u00e0 tout moment \u00eatre modifi\u00e9es par Tiru\u00f1a. Protection de donn\u00e9es Tiru\u00f1a s'engage \u00e0 traiter toutes les donn\u00e9es facilit\u00e9es par les visiteurs de son site web [&hellip;]","og_url":"https:\/\/www.tiruna.com\/fr\/politica-de-privacidad\/","og_site_name":"TIru\u00f1a","article_modified_time":"2016-11-02T11:02:59+00:00","twitter_card":"summary_large_image","twitter_misc":{"Dur\u00e9e de lecture estim\u00e9e":"2 minutes"},"schema":{"@context":"https:\/\/schema.org","@graph":[{"@type":"WebPage","@id":"https:\/\/www.tiruna.com\/fr\/politica-de-privacidad\/","url":"https:\/\/www.tiruna.com\/fr\/politica-de-privacidad\/","name":"Information L\u00e9gale - TIru\u00f1a","isPartOf":{"@id":"https:\/\/www.tiruna.com\/fr\/#website"},"datePublished":"2016-10-13T07:39:28+00:00","dateModified":"2016-11-02T11:02:59+00:00","inLanguage":"fr-FR","potentialAction":[{"@type":"ReadAction","target":["https:\/\/www.tiruna.com\/fr\/politica-de-privacidad\/"]}]},{"@type":"WebSite","@id":"https:\/\/www.tiruna.com\/fr\/#website","url":"https:\/\/www.tiruna.com\/fr\/","name":"TIru\u00f1a","description":"TIru\u00f1a","potentialAction":[{"@type":"SearchAction","target":{"@type":"EntryPoint","urlTemplate":"https:\/\/www.tiruna.com\/fr\/?s={search_term_string}"},"query-input":{"@type":"PropertyValueSpecification","valueRequired":true,"valueName":"search_term_string"}}],"inLanguage":"fr-FR"}]}},"_links":{"self":[{"href":"https:\/\/www.tiruna.com\/fr\/wp-json\/wp\/v2\/pages\/1306","targetHints":{"allow":["GET"]}}],"collection":[{"href":"https:\/\/www.tiruna.com\/fr\/wp-json\/wp\/v2\/pages"}],"about":[{"href":"https:\/\/www.tiruna.com\/fr\/wp-json\/wp\/v2\/types\/page"}],"author":[{"embeddable":true,"href":"https:\/\/www.tiruna.com\/fr\/wp-json\/wp\/v2\/users\/1"}],"replies":[{"embeddable":true,"href":"https:\/\/www.tiruna.com\/fr\/wp-json\/wp\/v2\/comments?post=1306"}],"version-history":[{"count":0,"href":"https:\/\/www.tiruna.com\/fr\/wp-json\/wp\/v2\/pages\/1306\/revisions"}],"wp:attachment":[{"href":"https:\/\/www.tiruna.com\/fr\/wp-json\/wp\/v2\/media?parent=1306"}],"curies":[{"name":"wp","href":"https:\/\/api.w.org\/{rel}","templated":true}]}}