{"id":1414,"date":"2016-10-13T07:33:57","date_gmt":"2016-10-13T07:33:57","guid":{"rendered":"https:\/\/www.tiruna.com\/fr\/politica-de-cookies\/"},"modified":"2016-11-02T12:34:26","modified_gmt":"2016-11-02T12:34:26","slug":"cookies-policy","status":"publish","type":"page","link":"https:\/\/www.tiruna.com\/fr\/cookies-policy\/","title":{"rendered":"Cookies Policy"},"content":{"rendered":"<h1>COOKIES POLICY<\/h1>\n<p>A cookie is a file downloaded by your computer when accessing certain web pages. Web pages use cookies for, among other things, storing and recovering information on the browsing habits of a user or their equipment and, depending on the information they contain and the way the user uses their equipment, they can be used to recognize them.<br \/>\nThe browser of the user stores cookies on the hard drive only during the current session, using a minimum amount of storage that does not hinder the performance of the computer. Cookies do not contain any specific personal information and most of them are deleted from the hard drive at the end of the browser session (called session cookies).<br \/>\nMost browsers accept cookies by default and, regardless of them, allow or reject temporal or stored cookies in the security settings.<\/p>\n<h2>Types of cookies<\/h2>\n<p>The following guide on the use of cookies from the Data Protection Agency details the different types of cookies:<\/p>\n<p><a title=\"http:\/\/www.agpd.es\/portalwebAGPD\/canaldocumentacion\/publicaciones\/common\/Guias\/Guia_Cookies.pdf. It opens in a new window\" href=\"http:\/\/www.agpd.es\/portalwebAGPD\/canaldocumentacion\/publicaciones\/common\/Guias\/Guia_Cookies.pdf\" target=\"_blank\">http:\/\/www.agpd.es\/portalwebAGPD\/canaldocumentacion\/publicaciones\/common\/Guias\/Guia_Cookies.pdf<\/a><\/p>\n<p>Depending on the entity that manages the domain from where the cookies are sent and treats the data obtained, there are two types of cookies: first-party and third-party cookies.<\/p>\n<ul>\n<li>First-party cookies: they are sent to the user\u2019s device from an equipment or domain managed by the owner of the website that hosts the service requested by the user.<\/li>\n<li>Third-party cookies: they are sent to the user\u2019s device from an equipment or domain not managed by the owner of the website but by a different entity that treats the data obtained from the cookies.<\/li>\n<\/ul>\n<p>Additionally, cookies can be:<\/p>\n<ul>\n<li>According to the time they remain stored in the computer: session cookies or persistent cookies.<\/li>\n<li>According to their purpose: technical cookies, customization cookies, analysis cookies, advertising cookies and behavioral advertising cookies.<\/li>\n<\/ul>\n<h2>Cookies used<\/h2>\n<p>According to the guidelines of the Spanish Agency of Data Protection, we will detail below the use of the cookies by this website in order to inform as accurately as possible.<\/p>\n<p>This website uses the following types of cookies;<\/p>\n<ul>\n<li><strong>\u00ab\u00a0Analytic\u00a0\u00bb cookies:\u00a0<\/strong>With the purpose of periodical maintenance and to guarantee the best user experience, this website uses \u00ab\u00a0analytic\u00a0\u00bb cookies to gather Google Analytics activity statistics. This is a web analysis service developed by Google which allows browsing measurement and analysis in web pages. In your browser you can see 4 cookies from this service. According to the aforementioned types, these are first-party, session, analysis cookies. You can learn more about them and\u00a0<strong>disable<\/strong>\u00a0these cookies here:<br \/>\n<a title=\"https:\/\/www.google.com\/intl\/es_ES\/analytics\/learn\/privacy.html\" href=\"https:\/\/www.google.com\/intl\/es_ES\/analytics\/learn\/privacy.html\">https:\/\/www.google.com\/intl\/es_ES\/analytics\/learn\/privacy.html<\/a><br \/>\n<a title=\"https:\/\/tools.google.com\/dlpage\/gaoptout?hl=en It opens in a new window\" href=\"https:\/\/tools.google.com\/dlpage\/gaoptout?hl=en\">https:\/\/tools.google.com\/dlpage\/gaoptout?hl=es<\/a>Personal data of the user are not gathered under any conditions in order to guarantee the privacy of our users. The information obtained has a strictly statistical purpose: number of users accessing the website, number of pages displayed, frequency and repetition of visits, their duration, the browser used, the Internet company, language, device, or city based on IP address. This information serves us to provide a better and more personal service.<\/li>\n<\/ul>\n<ul>\n<li><strong>Cookies used by social networks:\u00a0<\/strong>There are \u00ab\u00a0Social Plugins\u00a0\u00bb on this website that allow the user to log into LinkedIn, Twitter, Facebook, etcetera, so they can share contents they find interesting with their friends and acquaintances. Furthermore, this means that the user does not have to give any personal data to this website as the information already contained in those social networks is used (tiruna.com cannot access that information).<\/li>\n<\/ul>\n<ul>\n<li><strong>Internal use cookies\u00a0<\/strong>Additionally, tiruna.com uses several cookies to maintain user sessions between different logging processes to private or self-management areas and cookies with the selected language.<\/li>\n<\/ul>\n<h2>Acceptance of the Cookies Policy<\/h2>\n<p>Information about the Cookies Policy is shown on any web page of the site at each login.<\/p>\n<p>When presented this information, you can perform these actions:<\/p>\n<ol start=\"1\">\n<li>Accept cookies and give your consent once you are browsing the website.<\/li>\n<li>Change the cookie settings.<\/li>\n<\/ol>\n<p>You can restrict, block or delete the cookies of any web page with your browser. Given that the configuration process is different for each browser, the \u2018Help\u2019 section shows how to do it. These links contain information about it.<\/p>\n<ul>\n<li>Microsoft Internet Explorer:\u00a0<a title=\"windows.microsoft.com\/es-xl\/internet-explorer\/delete-manage-cookies#ie=\u201die-10. It opens in a new window\" href=\"http:\/\/windows.microsoft.com\/es-xl\/internet-explorer\/delete-manage-cookies#ie=%22ie-10\">windows.microsoft.com\/es-xl\/internet-explorer\/delete-manage-cookies#ie=\u201die-10<\/a><\/li>\n<li>Mozilla Firefox:\u00a0<a title=\"support.mozilla.org\/es\/kb\/Borrar%20cookies. It opens in a new window\" href=\"http:\/\/support.mozilla.org\/es\/kb\/Borrar%20cookies\">support.mozilla.org\/es\/kb\/Borrar%20cookies<\/a><\/li>\n<li>Google Chrome:\u00a0<a title=\"http:\/\/support.google.com\/chrome\/answer\/95647?hl=es. It opens in a new window\" href=\"http:\/\/support.google.com\/chrome\/answer\/95647?hl=es\">http:\/\/support.google.com\/chrome\/answer\/95647?hl=es<\/a><\/li>\n<li>Apple Safari:\u00a0<a title=\"www.apple.com\/es\/privacy\/use-of-cookies. It opens in a new window\" href=\"http:\/\/www.apple.com\/es\/privacy\/use-of-cookies\">www.apple.com\/es\/privacy\/use-of-cookies<\/a><\/li>\n<\/ul>\n","protected":false},"excerpt":{"rendered":"<p>COOKIES POLICY A cookie is a file downloaded by your computer when accessing certain web pages. Web pages use cookies for, among other things, storing and recovering information on the browsing habits of a user or their equipment and, depending on the information they contain and the way the user uses their equipment, they can [&hellip;]<\/p>\n","protected":false},"author":1,"featured_media":0,"parent":0,"menu_order":0,"comment_status":"closed","ping_status":"closed","template":"","meta":{"_et_pb_use_builder":"on","_et_pb_old_content":"","_et_gb_content_width":"","footnotes":""},"class_list":["post-1414","page","type-page","status-publish","hentry"],"yoast_head":"<!-- This site is optimized with the Yoast SEO plugin v27.4 - https:\/\/yoast.com\/product\/yoast-seo-wordpress\/ -->\n<title>Cookies Policy - TIru\u00f1a<\/title>\n<meta name=\"robots\" content=\"index, follow, max-snippet:-1, max-image-preview:large, max-video-preview:-1\" \/>\n<link rel=\"canonical\" href=\"https:\/\/www.tiruna.com\/fr\/cookies-policy\/\" \/>\n<meta property=\"og:locale\" content=\"fr_FR\" \/>\n<meta property=\"og:type\" content=\"article\" \/>\n<meta property=\"og:title\" content=\"Cookies Policy - TIru\u00f1a\" \/>\n<meta property=\"og:description\" content=\"COOKIES POLICY A cookie is a file downloaded by your computer when accessing certain web pages. Web pages use cookies for, among other things, storing and recovering information on the browsing habits of a user or their equipment and, depending on the information they contain and the way the user uses their equipment, they can [&hellip;]\" \/>\n<meta property=\"og:url\" content=\"https:\/\/www.tiruna.com\/fr\/cookies-policy\/\" \/>\n<meta property=\"og:site_name\" content=\"TIru\u00f1a\" \/>\n<meta property=\"article:modified_time\" content=\"2016-11-02T12:34:26+00:00\" \/>\n<meta name=\"twitter:card\" content=\"summary_large_image\" \/>\n<meta name=\"twitter:label1\" content=\"Dur\u00e9e de lecture estim\u00e9e\" \/>\n\t<meta name=\"twitter:data1\" content=\"4 minutes\" \/>\n<script type=\"application\/ld+json\" class=\"yoast-schema-graph\">{\"@context\":\"https:\\\/\\\/schema.org\",\"@graph\":[{\"@type\":\"WebPage\",\"@id\":\"https:\\\/\\\/www.tiruna.com\\\/fr\\\/cookies-policy\\\/\",\"url\":\"https:\\\/\\\/www.tiruna.com\\\/fr\\\/cookies-policy\\\/\",\"name\":\"Cookies Policy - TIru\u00f1a\",\"isPartOf\":{\"@id\":\"https:\\\/\\\/www.tiruna.com\\\/fr\\\/#website\"},\"datePublished\":\"2016-10-13T07:33:57+00:00\",\"dateModified\":\"2016-11-02T12:34:26+00:00\",\"inLanguage\":\"fr-FR\",\"potentialAction\":[{\"@type\":\"ReadAction\",\"target\":[\"https:\\\/\\\/www.tiruna.com\\\/fr\\\/cookies-policy\\\/\"]}]},{\"@type\":\"WebSite\",\"@id\":\"https:\\\/\\\/www.tiruna.com\\\/fr\\\/#website\",\"url\":\"https:\\\/\\\/www.tiruna.com\\\/fr\\\/\",\"name\":\"TIru\u00f1a\",\"description\":\"TIru\u00f1a\",\"potentialAction\":[{\"@type\":\"SearchAction\",\"target\":{\"@type\":\"EntryPoint\",\"urlTemplate\":\"https:\\\/\\\/www.tiruna.com\\\/fr\\\/?s={search_term_string}\"},\"query-input\":{\"@type\":\"PropertyValueSpecification\",\"valueRequired\":true,\"valueName\":\"search_term_string\"}}],\"inLanguage\":\"fr-FR\"}]}<\/script>\n<!-- \/ Yoast SEO plugin. -->","yoast_head_json":{"title":"Cookies Policy - TIru\u00f1a","robots":{"index":"index","follow":"follow","max-snippet":"max-snippet:-1","max-image-preview":"max-image-preview:large","max-video-preview":"max-video-preview:-1"},"canonical":"https:\/\/www.tiruna.com\/fr\/cookies-policy\/","og_locale":"fr_FR","og_type":"article","og_title":"Cookies Policy - TIru\u00f1a","og_description":"COOKIES POLICY A cookie is a file downloaded by your computer when accessing certain web pages. Web pages use cookies for, among other things, storing and recovering information on the browsing habits of a user or their equipment and, depending on the information they contain and the way the user uses their equipment, they can [&hellip;]","og_url":"https:\/\/www.tiruna.com\/fr\/cookies-policy\/","og_site_name":"TIru\u00f1a","article_modified_time":"2016-11-02T12:34:26+00:00","twitter_card":"summary_large_image","twitter_misc":{"Dur\u00e9e de lecture estim\u00e9e":"4 minutes"},"schema":{"@context":"https:\/\/schema.org","@graph":[{"@type":"WebPage","@id":"https:\/\/www.tiruna.com\/fr\/cookies-policy\/","url":"https:\/\/www.tiruna.com\/fr\/cookies-policy\/","name":"Cookies Policy - TIru\u00f1a","isPartOf":{"@id":"https:\/\/www.tiruna.com\/fr\/#website"},"datePublished":"2016-10-13T07:33:57+00:00","dateModified":"2016-11-02T12:34:26+00:00","inLanguage":"fr-FR","potentialAction":[{"@type":"ReadAction","target":["https:\/\/www.tiruna.com\/fr\/cookies-policy\/"]}]},{"@type":"WebSite","@id":"https:\/\/www.tiruna.com\/fr\/#website","url":"https:\/\/www.tiruna.com\/fr\/","name":"TIru\u00f1a","description":"TIru\u00f1a","potentialAction":[{"@type":"SearchAction","target":{"@type":"EntryPoint","urlTemplate":"https:\/\/www.tiruna.com\/fr\/?s={search_term_string}"},"query-input":{"@type":"PropertyValueSpecification","valueRequired":true,"valueName":"search_term_string"}}],"inLanguage":"fr-FR"}]}},"_links":{"self":[{"href":"https:\/\/www.tiruna.com\/fr\/wp-json\/wp\/v2\/pages\/1414","targetHints":{"allow":["GET"]}}],"collection":[{"href":"https:\/\/www.tiruna.com\/fr\/wp-json\/wp\/v2\/pages"}],"about":[{"href":"https:\/\/www.tiruna.com\/fr\/wp-json\/wp\/v2\/types\/page"}],"author":[{"embeddable":true,"href":"https:\/\/www.tiruna.com\/fr\/wp-json\/wp\/v2\/users\/1"}],"replies":[{"embeddable":true,"href":"https:\/\/www.tiruna.com\/fr\/wp-json\/wp\/v2\/comments?post=1414"}],"version-history":[{"count":0,"href":"https:\/\/www.tiruna.com\/fr\/wp-json\/wp\/v2\/pages\/1414\/revisions"}],"wp:attachment":[{"href":"https:\/\/www.tiruna.com\/fr\/wp-json\/wp\/v2\/media?parent=1414"}],"curies":[{"name":"wp","href":"https:\/\/api.w.org\/{rel}","templated":true}]}}