{"id":1513,"date":"2016-10-26T06:11:23","date_gmt":"2016-10-26T06:11:23","guid":{"rendered":"https:\/\/www.tiruna.com\/fr\/cylindres-canneles\/idi\/diseno-de-perfiles\/"},"modified":"2017-02-07T12:09:38","modified_gmt":"2017-02-07T12:09:38","slug":"optimisation-de-profils","status":"publish","type":"page","link":"https:\/\/www.tiruna.com\/fr\/cylindres-canneles\/idi\/optimisation-de-profils\/","title":{"rendered":"Optimisation de profils"},"content":{"rendered":"<p>[et_pb_section admin_label=\u00a0\u00bbSecci\u00f3n\u00a0\u00bb transparent_background=\u00a0\u00bbon\u00a0\u00bb background_color=\u00a0\u00bbrgba(0,0,0,0.81)\u00a0\u00bb allow_player_pause=\u00a0\u00bboff\u00a0\u00bb inner_shadow=\u00a0\u00bboff\u00a0\u00bb parallax=\u00a0\u00bboff\u00a0\u00bb parallax_method=\u00a0\u00bboff\u00a0\u00bb padding_mobile=\u00a0\u00bboff\u00a0\u00bb make_fullwidth=\u00a0\u00bboff\u00a0\u00bb use_custom_width=\u00a0\u00bboff\u00a0\u00bb width_unit=\u00a0\u00bbon\u00a0\u00bb custom_width_px=\u00a0\u00bb1080px\u00a0\u00bb custom_width_percent=\u00a0\u00bb80%\u00a0\u00bb make_equal=\u00a0\u00bboff\u00a0\u00bb use_custom_gutter=\u00a0\u00bboff\u00a0\u00bb fullwidth=\u00a0\u00bboff\u00a0\u00bb specialty=\u00a0\u00bboff\u00a0\u00bb module_class=\u00a0\u00bbseccion_titulo_h1&Prime; disabled=\u00a0\u00bboff\u00a0\u00bb][et_pb_row admin_label=\u00a0\u00bbFila\u00a0\u00bb make_fullwidth=\u00a0\u00bboff\u00a0\u00bb use_custom_width=\u00a0\u00bboff\u00a0\u00bb width_unit=\u00a0\u00bboff\u00a0\u00bb custom_width_px=\u00a0\u00bb1080px\u00a0\u00bb custom_width_percent=\u00a0\u00bb80%\u00a0\u00bb use_custom_gutter=\u00a0\u00bboff\u00a0\u00bb gutter_width=\u00a0\u00bb1&Prime; padding_mobile=\u00a0\u00bboff\u00a0\u00bb allow_player_pause=\u00a0\u00bboff\u00a0\u00bb parallax=\u00a0\u00bboff\u00a0\u00bb parallax_method=\u00a0\u00bbon\u00a0\u00bb make_equal=\u00a0\u00bboff\u00a0\u00bb column_padding_mobile=\u00a0\u00bbon\u00a0\u00bb parallax_1=\u00a0\u00bboff\u00a0\u00bb parallax_method_1=\u00a0\u00bbon\u00a0\u00bb parallax_2=\u00a0\u00bboff\u00a0\u00bb parallax_method_2=\u00a0\u00bbon\u00a0\u00bb parallax_3=\u00a0\u00bboff\u00a0\u00bb parallax_method_3=\u00a0\u00bbon\u00a0\u00bb parallax_4=\u00a0\u00bboff\u00a0\u00bb parallax_method_4=\u00a0\u00bbon\u00a0\u00bb disabled=\u00a0\u00bboff\u00a0\u00bb][et_pb_column type=\u00a0\u00bb4_4&Prime;][et_pb_text admin_label=\u00a0\u00bbTitulo\u00a0\u00bb background_layout=\u00a0\u00bblight\u00a0\u00bb text_orientation=\u00a0\u00bbleft\u00a0\u00bb module_class=\u00a0\u00bbtitulo_h1&Prime; use_border_color=\u00a0\u00bboff\u00a0\u00bb border_style=\u00a0\u00bbsolid\u00a0\u00bb disabled=\u00a0\u00bboff\u00a0\u00bb border_color=\u00a0\u00bb#ffffff\u00a0\u00bb]<\/p>\n<h2>Optimisation de profils<\/h2>\n<p>[\/et_pb_text][\/et_pb_column][\/et_pb_row][\/et_pb_section][et_pb_section admin_label=\u00a0\u00bbSecci\u00f3n\u00a0\u00bb transparent_background=\u00a0\u00bbon\u00a0\u00bb allow_player_pause=\u00a0\u00bboff\u00a0\u00bb inner_shadow=\u00a0\u00bboff\u00a0\u00bb parallax=\u00a0\u00bboff\u00a0\u00bb parallax_method=\u00a0\u00bboff\u00a0\u00bb padding_mobile=\u00a0\u00bboff\u00a0\u00bb make_fullwidth=\u00a0\u00bboff\u00a0\u00bb use_custom_width=\u00a0\u00bboff\u00a0\u00bb width_unit=\u00a0\u00bbon\u00a0\u00bb custom_width_px=\u00a0\u00bb1080px\u00a0\u00bb custom_width_percent=\u00a0\u00bb80%\u00a0\u00bb make_equal=\u00a0\u00bbon\u00a0\u00bb use_custom_gutter=\u00a0\u00bboff\u00a0\u00bb fullwidth=\u00a0\u00bboff\u00a0\u00bb specialty=\u00a0\u00bbon\u00a0\u00bb parallax_1=\u00a0\u00bboff\u00a0\u00bb parallax_2=\u00a0\u00bboff\u00a0\u00bb parallax_method_1=\u00a0\u00bboff\u00a0\u00bb parallax_method_2=\u00a0\u00bboff\u00a0\u00bb module_class_1=\u00a0\u00bbmenu_lateral_menu\u00a0\u00bb module_class_2=\u00a0\u00bbmenu_lateral_cuerpo\u00a0\u00bb module_class=\u00a0\u00bbmenus_lateral\u00a0\u00bb disabled=\u00a0\u00bboff\u00a0\u00bb][et_pb_column type=\u00a0\u00bb1_4&Prime;][et_pb_sidebar admin_label=\u00a0\u00bbBarra lateral\u00a0\u00bb orientation=\u00a0\u00bbleft\u00a0\u00bb area=\u00a0\u00bbet_pb_widget_area_1&Prime; background_layout=\u00a0\u00bblight\u00a0\u00bb disabled=\u00a0\u00bboff\u00a0\u00bb]<\/p>\n<p>[\/et_pb_sidebar][\/et_pb_column][et_pb_column type=\u00a0\u00bb3_4&Prime; specialty_columns=\u00a0\u00bb3&Prime;][et_pb_row_inner admin_label=\u00a0\u00bbrow_inner\u00a0\u00bb custom_padding=\u00a0\u00bb20px|100px||50px\u00a0\u00bb custom_padding_tablet=\u00a0\u00bb|50px||20px\u00a0\u00bb custom_padding_phone=\u00a0\u00bb|10px||10px\u00a0\u00bb padding_mobile=\u00a0\u00bboff\u00a0\u00bb use_custom_gutter=\u00a0\u00bboff\u00a0\u00bb make_equal=\u00a0\u00bboff\u00a0\u00bb column_padding_mobile=\u00a0\u00bbon\u00a0\u00bb parallax_1=\u00a0\u00bboff\u00a0\u00bb parallax_method_1=\u00a0\u00bboff\u00a0\u00bb parallax_2=\u00a0\u00bboff\u00a0\u00bb parallax_method_2=\u00a0\u00bbon\u00a0\u00bb parallax_3=\u00a0\u00bboff\u00a0\u00bb parallax_method_3=\u00a0\u00bbon\u00a0\u00bb disabled=\u00a0\u00bboff\u00a0\u00bb][et_pb_column_inner type=\u00a0\u00bb4_4&Prime; saved_specialty_column_type=\u00a0\u00bb3_4&Prime;][et_pb_text admin_label=\u00a0\u00bbTexto\u00a0\u00bb background_layout=\u00a0\u00bblight\u00a0\u00bb text_orientation=\u00a0\u00bbleft\u00a0\u00bb use_border_color=\u00a0\u00bboff\u00a0\u00bb border_style=\u00a0\u00bbsolid\u00a0\u00bb custom_padding=\u00a0\u00bb20px|||\u00a0\u00bb disabled=\u00a0\u00bboff\u00a0\u00bb border_color=\u00a0\u00bb#ffffff\u00a0\u00bb]<\/p>\n<h2>Optimisation de profils<\/h2>\n<p>Tiru\u00f1a est le seul fabricant de cylindres cannel\u00e9s \u00e0 int\u00e9grer \u00e0 la fabrication du carton ondul\u00e9 la technologie du calcul de structures propre \u00e0 l\u2019ing\u00e9nierie civile.<\/p>\n<p>De cette fa\u00e7on nous avons r\u00e9ussi \u00e0 donner aux clients des valeurs de r\u00e9sistance de carton sup\u00e9rieures \u00e0 celles que le client avait traditionnellement, mais avec des co\u00fbts de production tr\u00e8s inf\u00e9rieurs, obtenant ainsi des \u00e9conomies de papier en tonnage ou grammage.<\/p>\n<p>Durant ces derni\u00e8res ann\u00e9es, Tiru\u00f1a a r\u00e9alis\u00e9 des centaines de projets d\u2019optimisation de profils pour ses clients du monde entier et sur toute sorte d\u2019onduleuses m\u00eame de technologie ant\u00e9rieure au XXIe si\u00e8cle.<\/p>\n<p>[\/et_pb_text][et_pb_gallery admin_label=\u00a0\u00bbGaler\u00eda\u00a0\u00bb gallery_ids=\u00a0\u00bb1749,1750&Prime; fullwidth=\u00a0\u00bbon\u00a0\u00bb show_title_and_caption=\u00a0\u00bbon\u00a0\u00bb show_pagination=\u00a0\u00bbon\u00a0\u00bb background_layout=\u00a0\u00bblight\u00a0\u00bb auto=\u00a0\u00bboff\u00a0\u00bb hover_overlay_color=\u00a0\u00bbrgba(255,255,255,0.9)\u00a0\u00bb caption_all_caps=\u00a0\u00bboff\u00a0\u00bb use_border_color=\u00a0\u00bboff\u00a0\u00bb border_color=\u00a0\u00bb#ffffff\u00a0\u00bb border_style=\u00a0\u00bbsolid\u00a0\u00bb]<\/p>\n<p>[\/et_pb_gallery][\/et_pb_column_inner][\/et_pb_row_inner][et_pb_row_inner admin_label=\u00a0\u00bbFila\u00a0\u00bb global_module=\u00a0\u00bb213&Prime; padding_mobile=\u00a0\u00bboff\u00a0\u00bb use_custom_gutter=\u00a0\u00bboff\u00a0\u00bb column_padding_mobile=\u00a0\u00bbon\u00a0\u00bb make_equal=\u00a0\u00bboff\u00a0\u00bb parallax_1=\u00a0\u00bboff\u00a0\u00bb parallax_method_1=\u00a0\u00bboff\u00a0\u00bb module_class=\u00a0\u00bblogos_certificaciones\u00a0\u00bb custom_padding=\u00a0\u00bb0px|0px|0px|0px\u00a0\u00bb][et_pb_column_inner type=\u00a0\u00bb4_4&Prime; saved_specialty_column_type=\u00a0\u00bb3_4&Prime;][et_pb_text global_parent=\u00a0\u00bb213&Prime; admin_label=\u00a0\u00bbLogos calidad\u00a0\u00bb background_layout=\u00a0\u00bblight\u00a0\u00bb text_orientation=\u00a0\u00bbleft\u00a0\u00bb use_border_color=\u00a0\u00bboff\u00a0\u00bb border_color=\u00a0\u00bb#ffffff\u00a0\u00bb border_style=\u00a0\u00bbsolid\u00a0\u00bb custom_css_main_element=\u00a0\u00bbtext-align:center;\u00a0\u00bb custom_padding=\u00a0\u00bb15px||15px|\u00a0\u00bb]<\/p>\n<p><a href=\"https:\/\/www.tiruna.com\/wp-content\/uploads\/2016\/10\/14_Certificado_ASME_hasta_29-marzo-2017.pdf\" target=\"_blank\"><img loading=\"lazy\" decoding=\"async\" class=\"alignnone wp-image-209 size-full\" src=\"https:\/\/www.tiruna.com\/wp-content\/uploads\/2016\/10\/certificados-tiruna_1.jpg\" alt=\"certificados-tiruna_1\" width=\"67\" height=\"79\" \/><\/a> <a href=\"https:\/\/www.tiruna.com\/wp-content\/uploads\/2016\/10\/14_2_Certificado_CE_2014_2017-03-29_es.pdf\" target=\"_blank\"><img loading=\"lazy\" decoding=\"async\" class=\"alignnone wp-image-210 size-full\" src=\"https:\/\/www.tiruna.com\/wp-content\/uploads\/2016\/10\/certificados-tiruna_2.jpg\" alt=\"certificados-tiruna_2\" width=\"109\" height=\"79\" \/><\/a> <a href=\"https:\/\/www.tiruna.com\/wp-content\/uploads\/2016\/10\/14_3_en_Certificate_ISO-9001_TIRUNA_renewed_in_2012_valid_until_2015.pdf\" target=\"_blank\"><img loading=\"lazy\" decoding=\"async\" class=\"alignnone wp-image-211 size-full\" src=\"https:\/\/www.tiruna.com\/wp-content\/uploads\/2016\/10\/certificados-tiruna_3.jpg\" alt=\"certificados-tiruna_3\" width=\"104\" height=\"79\" \/><\/a><a href=\"https:\/\/www.tiruna.com\/wp-content\/uploads\/2016\/10\/14_NB_R_Certificate_of_Authorization_2014-2017.pdf\" target=\"_blank\"><img loading=\"lazy\" decoding=\"async\" class=\"alignnone wp-image-532 size-full\" src=\"https:\/\/www.tiruna.com\/wp-content\/uploads\/2016\/10\/certificados-tiruna_4_1.jpg\" alt=\"certificados-tiruna_4_1\" width=\"51\" height=\"79\" \/><\/a> <a href=\"https:\/\/www.tiruna.com\/wp-content\/uploads\/2016\/10\/14_5_Certificate_of_Authorization_NB_sello_U_2014_valido_hasta_29-03-2017.pdf\"><img loading=\"lazy\" decoding=\"async\" class=\"alignnone wp-image-533 size-full\" src=\"https:\/\/www.tiruna.com\/wp-content\/uploads\/2016\/10\/certificados-tiruna_4_2.jpg\" alt=\"certificados-tiruna_4_2\" width=\"56\" height=\"79\" \/><\/a><\/p>\n<p>[\/et_pb_text][\/et_pb_column_inner][\/et_pb_row_inner][\/et_pb_column][\/et_pb_section][et_pb_section admin_label=\u00a0\u00bbSecci\u00f3n\u00a0\u00bb global_module=\u00a0\u00bb130&Prime; fullwidth=\u00a0\u00bboff\u00a0\u00bb specialty=\u00a0\u00bboff\u00a0\u00bb transparent_background=\u00a0\u00bboff\u00a0\u00bb allow_player_pause=\u00a0\u00bboff\u00a0\u00bb inner_shadow=\u00a0\u00bboff\u00a0\u00bb parallax=\u00a0\u00bboff\u00a0\u00bb parallax_method=\u00a0\u00bboff\u00a0\u00bb padding_mobile=\u00a0\u00bboff\u00a0\u00bb make_fullwidth=\u00a0\u00bboff\u00a0\u00bb use_custom_width=\u00a0\u00bboff\u00a0\u00bb width_unit=\u00a0\u00bbon\u00a0\u00bb make_equal=\u00a0\u00bboff\u00a0\u00bb use_custom_gutter=\u00a0\u00bboff\u00a0\u00bb module_class=\u00a0\u00bbseccion_formulario\u00a0\u00bb background_color=\u00a0\u00bbrgba(43,116,221,0.9)\u00a0\u00bb background_image=\u00a0\u00bbhttps:\/\/www.tiruna.com\/wp-content\/uploads\/2016\/09\/az-menu-superior.png\u00a0\u00bb][et_pb_row global_parent=\u00a0\u00bb130&Prime; admin_label=\u00a0\u00bbFila\u00a0\u00bb][et_pb_column type=\u00a0\u00bb1_3&Prime;][et_pb_text global_parent=\u00a0\u00bb130&Prime; admin_label=\u00a0\u00bbTexto Formulario\u00a0\u00bb background_layout=\u00a0\u00bblight\u00a0\u00bb text_orientation=\u00a0\u00bbleft\u00a0\u00bb text_font_size_last_edited=\u00a0\u00bbon|tablet\u00a0\u00bb text_text_color=\u00a0\u00bb#ffffff\u00a0\u00bb use_border_color=\u00a0\u00bboff\u00a0\u00bb border_color=\u00a0\u00bb#ffffff\u00a0\u00bb border_style=\u00a0\u00bbsolid\u00a0\u00bb text_font_size=\u00a0\u00bb18&Prime; text_font_size_tablet=\u00a0\u00bb16&Prime; text_font_size_phone=\u00a0\u00bb14&Prime; header_text_color=\u00a0\u00bb#ffffff\u00a0\u00bb header_line_height=\u00a0\u00bb1.2em\u00a0\u00bb text_line_height=\u00a0\u00bb1.2em\u00a0\u00bb]<\/p>\n<h2>Vous voulez en savoir plus sur nos produits?<\/h2>\n<p>Quels sont vos besoins ? c\u00b4est avec plaisir que nous somme a votre \u00e9coute.<\/p>\n<p>[\/et_pb_text][\/et_pb_column][et_pb_column type=\u00a0\u00bb2_3&Prime;][et_pb_text global_parent=\u00a0\u00bb130&Prime; admin_label=\u00a0\u00bbFormulario\u00a0\u00bb background_layout=\u00a0\u00bblight\u00a0\u00bb text_orientation=\u00a0\u00bbleft\u00a0\u00bb use_border_color=\u00a0\u00bboff\u00a0\u00bb border_color=\u00a0\u00bb#ffffff\u00a0\u00bb border_style=\u00a0\u00bbsolid\u00a0\u00bb]<\/p>\n\n<div class=\"wpcf7 no-js\" id=\"wpcf7-f1302-o1\" lang=\"es-ES\" dir=\"ltr\" data-wpcf7-id=\"1302\">\n<div class=\"screen-reader-response\"><p role=\"status\" aria-live=\"polite\" aria-atomic=\"true\"><\/p> <ul><\/ul><\/div>\n<form action=\"\/fr\/wp-json\/wp\/v2\/pages\/1513#wpcf7-f1302-o1\" method=\"post\" class=\"wpcf7-form init\" aria-label=\"Formulario de contacto\" novalidate=\"novalidate\" data-status=\"init\">\n<fieldset class=\"hidden-fields-container\"><input type=\"hidden\" name=\"_wpcf7\" value=\"1302\" \/><input type=\"hidden\" name=\"_wpcf7_version\" value=\"6.1.5\" \/><input type=\"hidden\" name=\"_wpcf7_locale\" value=\"es_ES\" \/><input type=\"hidden\" name=\"_wpcf7_unit_tag\" value=\"wpcf7-f1302-o1\" \/><input type=\"hidden\" name=\"_wpcf7_container_post\" value=\"0\" \/><input type=\"hidden\" name=\"_wpcf7_posted_data_hash\" value=\"\" \/>\n<\/fieldset>\n<div class=\"gr1form\">\n\t<p><span class=\"wpcf7-form-control-wrap\" data-name=\"your-name\"><input size=\"40\" maxlength=\"400\" class=\"wpcf7-form-control wpcf7-text wpcf7-validates-as-required\" aria-required=\"true\" aria-invalid=\"false\" value=\"Nom\" type=\"text\" name=\"your-name\" \/><\/span>\n\t<\/p>\n\t<p><span class=\"wpcf7-form-control-wrap\" data-name=\"tel-546\"><input size=\"40\" maxlength=\"400\" class=\"wpcf7-form-control wpcf7-tel wpcf7-text wpcf7-validates-as-tel\" aria-invalid=\"false\" value=\"T\u00e9l\u00e9phone\" type=\"tel\" name=\"tel-546\" \/><\/span>\n\t<\/p>\n\t<p><span class=\"wpcf7-form-control-wrap\" data-name=\"your-email\"><input size=\"40\" maxlength=\"400\" class=\"wpcf7-form-control wpcf7-email wpcf7-validates-as-required wpcf7-text wpcf7-validates-as-email\" aria-required=\"true\" aria-invalid=\"false\" value=\"email\" type=\"email\" name=\"your-email\" \/><\/span>\n\t<\/p>\n<\/div>\n<div class=\"gr2form\">\n\t<p class=\"subtit\">Produit d\u00b4int\u00e9r\u00eat\n\t<\/p>\n\t<p><span class=\"wpcf7-form-control-wrap\" data-name=\"radio-781\"><span class=\"wpcf7-form-control wpcf7-radio\"><span class=\"wpcf7-list-item first\"><input type=\"radio\" name=\"radio-781\" value=\"Cylindres cannel\u00e9s\" checked=\"checked\" \/><span class=\"wpcf7-list-item-label\">Cylindres cannel\u00e9s<\/span><\/span><span class=\"wpcf7-list-item last\"><input type=\"radio\" name=\"radio-781\" value=\"Grande \u00c9chelle\" \/><span class=\"wpcf7-list-item-label\">Grande \u00c9chelle<\/span><\/span><\/span><\/span>\n\t<\/p>\n<\/div>\n<p class=\"clear\"\/>\n<\/p>\n<div class=\"gr3form\">\n\t<p class=\"p_acept\"><span class=\"wpcf7-form-control-wrap\" data-name=\"acceptance-598\"><span class=\"wpcf7-form-control wpcf7-acceptance\"><span class=\"wpcf7-list-item\"><input type=\"checkbox\" name=\"acceptance-598\" value=\"1\" aria-invalid=\"false\" \/><\/span><\/span><\/span><a href=\"\/fr\/politica-de-privacidad\/\" title=\"Protection des donn\u00e9es.\"  rel=\"lightbox\" data-lightbox-type=\"iframe\" class=\"acept\" target=\"_blank\">J\u2019ai lu et accepte les conditions relatives \u00e0 la protection des donn\u00e9es.<\/a>\n\t<\/p>\n\t<p class=\"p_enviar\"><input class=\"wpcf7-form-control wpcf7-submit has-spinner\" type=\"submit\" value=\"Demande d\u00b4information\" \/>\n\t<\/p>\n\t<p class=\"p_pregunta\"><span class=\"wpcf7-form-control-wrap\" data-name=\"quiz-552\"><label><span class=\"wpcf7-quiz-label\">1+8=<\/span> <input size=\"40\" class=\"wpcf7-form-control wpcf7-quiz pregunta\" autocomplete=\"off\" aria-required=\"true\" aria-invalid=\"false\" type=\"text\" name=\"quiz-552\" \/><\/label><input type=\"hidden\" name=\"_wpcf7_quiz_answer_quiz-552\" value=\"988c266e28ae541c454b157aee11c904\" \/><\/span>\n\t<\/p>\n\t<p class=\"clear\"\/>\n\t<\/p>\n<\/div>\n<p class=\"clear\"\/>\n<\/p><div class=\"wpcf7-response-output\" aria-hidden=\"true\"><\/div>\n<\/form>\n<\/div>\n\n<p>[\/et_pb_text][\/et_pb_column][\/et_pb_row][\/et_pb_section]<\/p>\n","protected":false},"excerpt":{"rendered":"<p>Tiru\u00f1a est le seul fabricant de cylindres cannel\u00e9s \u00e0 int\u00e9grer \u00e0 la fabrication du carton ondul\u00e9 la technologie du calcul de structures propre \u00e0 l\u2019ing\u00e9nierie civile.<\/p>\n","protected":false},"author":1,"featured_media":0,"parent":718,"menu_order":0,"comment_status":"closed","ping_status":"open","template":"","meta":{"_et_pb_use_builder":"on","_et_pb_old_content":"<p>Esto es una p\u00e1gina de ejemplo. Es diferente a una entrada porque permanece fija en un lugar y se mostrar\u00e1 en la navegaci\u00f3n de tu sitio (en la mayor\u00eda de los temas). La mayor\u00eda de la gente empieza con una p\u00e1gina de Acerca de, que les presenta a los potenciales visitantes del sitio. Podr\u00eda ser algo como esto:<\/p><blockquote><p>\u00a1Hola! Soy mensajero por el d\u00eda, aspirante a actor por la noche, y este es mi blog. Vivo en Madrid, tengo un perrazo llamado Duque y me gustan las pi\u00f1as coladas (y que me pille un chaparr\u00f3n)<\/p><\/blockquote><p>...o algo as\u00ed:<\/p><blockquote><p>La empresa XYZ se fund\u00f3 en 1971 y ha estado ofreciendo \"cosas\" de calidad al p\u00fablico desde entonces. Situada en Madrid, XYZ emplea a m\u00e1s de 2.000 personas y hace todo tipo de cosas sorprendentes para la comunidad de Madrid.<\/p><\/blockquote><p>Si eres nuevo en WordPress deber\u00edas ir a <a href=\"https:\/\/www.tiruna.com\/wp-admin\/\">tu escritorio<\/a> para borrar esta p\u00e1gina y crear p\u00e1ginas nuevas con tu propio contenido. \u00a1P\u00e1salo bien!<\/p>","_et_gb_content_width":"","footnotes":""},"class_list":["post-1513","page","type-page","status-publish","hentry"],"yoast_head":"<!-- This site is optimized with the Yoast SEO plugin v27.4 - https:\/\/yoast.com\/product\/yoast-seo-wordpress\/ -->\n<title>Optimisation de profils - TIru\u00f1a<\/title>\n<meta name=\"robots\" content=\"index, follow, max-snippet:-1, max-image-preview:large, max-video-preview:-1\" \/>\n<link rel=\"canonical\" href=\"https:\/\/www.tiruna.com\/fr\/cylindres-canneles\/idi\/optimisation-de-profils\/\" \/>\n<meta property=\"og:locale\" content=\"fr_FR\" \/>\n<meta property=\"og:type\" content=\"article\" \/>\n<meta property=\"og:title\" content=\"Optimisation de profils - TIru\u00f1a\" \/>\n<meta property=\"og:description\" content=\"Tiru\u00f1a est le seul fabricant de cylindres cannel\u00e9s \u00e0 int\u00e9grer \u00e0 la fabrication du carton ondul\u00e9 la technologie du calcul de structures propre \u00e0 l\u2019ing\u00e9nierie civile.\" \/>\n<meta property=\"og:url\" content=\"https:\/\/www.tiruna.com\/fr\/cylindres-canneles\/idi\/optimisation-de-profils\/\" \/>\n<meta property=\"og:site_name\" content=\"TIru\u00f1a\" \/>\n<meta property=\"article:modified_time\" content=\"2017-02-07T12:09:38+00:00\" \/>\n<meta property=\"og:image\" content=\"https:\/\/www.tiruna.com\/wp-content\/uploads\/2016\/10\/certificados-tiruna_1.jpg\" \/>\n<meta name=\"twitter:card\" content=\"summary_large_image\" \/>\n<meta name=\"twitter:label1\" content=\"Dur\u00e9e de lecture estim\u00e9e\" \/>\n\t<meta name=\"twitter:data1\" content=\"4 minutes\" \/>\n<script type=\"application\/ld+json\" class=\"yoast-schema-graph\">{\"@context\":\"https:\\\/\\\/schema.org\",\"@graph\":[{\"@type\":\"WebPage\",\"@id\":\"https:\\\/\\\/www.tiruna.com\\\/fr\\\/cylindres-canneles\\\/idi\\\/optimisation-de-profils\\\/\",\"url\":\"https:\\\/\\\/www.tiruna.com\\\/fr\\\/cylindres-canneles\\\/idi\\\/optimisation-de-profils\\\/\",\"name\":\"Optimisation de profils - TIru\u00f1a\",\"isPartOf\":{\"@id\":\"https:\\\/\\\/www.tiruna.com\\\/fr\\\/#website\"},\"primaryImageOfPage\":{\"@id\":\"https:\\\/\\\/www.tiruna.com\\\/fr\\\/cylindres-canneles\\\/idi\\\/optimisation-de-profils\\\/#primaryimage\"},\"image\":{\"@id\":\"https:\\\/\\\/www.tiruna.com\\\/fr\\\/cylindres-canneles\\\/idi\\\/optimisation-de-profils\\\/#primaryimage\"},\"thumbnailUrl\":\"https:\\\/\\\/www.tiruna.com\\\/wp-content\\\/uploads\\\/2016\\\/10\\\/certificados-tiruna_1.jpg\",\"datePublished\":\"2016-10-26T06:11:23+00:00\",\"dateModified\":\"2017-02-07T12:09:38+00:00\",\"breadcrumb\":{\"@id\":\"https:\\\/\\\/www.tiruna.com\\\/fr\\\/cylindres-canneles\\\/idi\\\/optimisation-de-profils\\\/#breadcrumb\"},\"inLanguage\":\"fr-FR\",\"potentialAction\":[{\"@type\":\"ReadAction\",\"target\":[\"https:\\\/\\\/www.tiruna.com\\\/fr\\\/cylindres-canneles\\\/idi\\\/optimisation-de-profils\\\/\"]}]},{\"@type\":\"ImageObject\",\"inLanguage\":\"fr-FR\",\"@id\":\"https:\\\/\\\/www.tiruna.com\\\/fr\\\/cylindres-canneles\\\/idi\\\/optimisation-de-profils\\\/#primaryimage\",\"url\":\"https:\\\/\\\/www.tiruna.com\\\/wp-content\\\/uploads\\\/2016\\\/10\\\/certificados-tiruna_1.jpg\",\"contentUrl\":\"https:\\\/\\\/www.tiruna.com\\\/wp-content\\\/uploads\\\/2016\\\/10\\\/certificados-tiruna_1.jpg\"},{\"@type\":\"BreadcrumbList\",\"@id\":\"https:\\\/\\\/www.tiruna.com\\\/fr\\\/cylindres-canneles\\\/idi\\\/optimisation-de-profils\\\/#breadcrumb\",\"itemListElement\":[{\"@type\":\"ListItem\",\"position\":1,\"name\":\"Cylindres cannel\u00e9s\",\"item\":\"https:\\\/\\\/www.tiruna.es\\\/fr\\\/cylindres-canneles\\\/\"},{\"@type\":\"ListItem\",\"position\":2,\"name\":\"I+D+I\",\"item\":\"https:\\\/\\\/www.tiruna.es\\\/fr\\\/cylindres-canneles\\\/idi\\\/\"},{\"@type\":\"ListItem\",\"position\":3,\"name\":\"Optimisation de profils\"}]},{\"@type\":\"WebSite\",\"@id\":\"https:\\\/\\\/www.tiruna.com\\\/fr\\\/#website\",\"url\":\"https:\\\/\\\/www.tiruna.com\\\/fr\\\/\",\"name\":\"TIru\u00f1a\",\"description\":\"TIru\u00f1a\",\"potentialAction\":[{\"@type\":\"SearchAction\",\"target\":{\"@type\":\"EntryPoint\",\"urlTemplate\":\"https:\\\/\\\/www.tiruna.com\\\/fr\\\/?s={search_term_string}\"},\"query-input\":{\"@type\":\"PropertyValueSpecification\",\"valueRequired\":true,\"valueName\":\"search_term_string\"}}],\"inLanguage\":\"fr-FR\"}]}<\/script>\n<!-- \/ Yoast SEO plugin. -->","yoast_head_json":{"title":"Optimisation de profils - TIru\u00f1a","robots":{"index":"index","follow":"follow","max-snippet":"max-snippet:-1","max-image-preview":"max-image-preview:large","max-video-preview":"max-video-preview:-1"},"canonical":"https:\/\/www.tiruna.com\/fr\/cylindres-canneles\/idi\/optimisation-de-profils\/","og_locale":"fr_FR","og_type":"article","og_title":"Optimisation de profils - TIru\u00f1a","og_description":"Tiru\u00f1a est le seul fabricant de cylindres cannel\u00e9s \u00e0 int\u00e9grer \u00e0 la fabrication du carton ondul\u00e9 la technologie du calcul de structures propre \u00e0 l\u2019ing\u00e9nierie civile.","og_url":"https:\/\/www.tiruna.com\/fr\/cylindres-canneles\/idi\/optimisation-de-profils\/","og_site_name":"TIru\u00f1a","article_modified_time":"2017-02-07T12:09:38+00:00","og_image":[{"url":"https:\/\/www.tiruna.com\/wp-content\/uploads\/2016\/10\/certificados-tiruna_1.jpg","type":"","width":"","height":""}],"twitter_card":"summary_large_image","twitter_misc":{"Dur\u00e9e de lecture estim\u00e9e":"4 minutes"},"schema":{"@context":"https:\/\/schema.org","@graph":[{"@type":"WebPage","@id":"https:\/\/www.tiruna.com\/fr\/cylindres-canneles\/idi\/optimisation-de-profils\/","url":"https:\/\/www.tiruna.com\/fr\/cylindres-canneles\/idi\/optimisation-de-profils\/","name":"Optimisation de profils - TIru\u00f1a","isPartOf":{"@id":"https:\/\/www.tiruna.com\/fr\/#website"},"primaryImageOfPage":{"@id":"https:\/\/www.tiruna.com\/fr\/cylindres-canneles\/idi\/optimisation-de-profils\/#primaryimage"},"image":{"@id":"https:\/\/www.tiruna.com\/fr\/cylindres-canneles\/idi\/optimisation-de-profils\/#primaryimage"},"thumbnailUrl":"https:\/\/www.tiruna.com\/wp-content\/uploads\/2016\/10\/certificados-tiruna_1.jpg","datePublished":"2016-10-26T06:11:23+00:00","dateModified":"2017-02-07T12:09:38+00:00","breadcrumb":{"@id":"https:\/\/www.tiruna.com\/fr\/cylindres-canneles\/idi\/optimisation-de-profils\/#breadcrumb"},"inLanguage":"fr-FR","potentialAction":[{"@type":"ReadAction","target":["https:\/\/www.tiruna.com\/fr\/cylindres-canneles\/idi\/optimisation-de-profils\/"]}]},{"@type":"ImageObject","inLanguage":"fr-FR","@id":"https:\/\/www.tiruna.com\/fr\/cylindres-canneles\/idi\/optimisation-de-profils\/#primaryimage","url":"https:\/\/www.tiruna.com\/wp-content\/uploads\/2016\/10\/certificados-tiruna_1.jpg","contentUrl":"https:\/\/www.tiruna.com\/wp-content\/uploads\/2016\/10\/certificados-tiruna_1.jpg"},{"@type":"BreadcrumbList","@id":"https:\/\/www.tiruna.com\/fr\/cylindres-canneles\/idi\/optimisation-de-profils\/#breadcrumb","itemListElement":[{"@type":"ListItem","position":1,"name":"Cylindres cannel\u00e9s","item":"https:\/\/www.tiruna.es\/fr\/cylindres-canneles\/"},{"@type":"ListItem","position":2,"name":"I+D+I","item":"https:\/\/www.tiruna.es\/fr\/cylindres-canneles\/idi\/"},{"@type":"ListItem","position":3,"name":"Optimisation de profils"}]},{"@type":"WebSite","@id":"https:\/\/www.tiruna.com\/fr\/#website","url":"https:\/\/www.tiruna.com\/fr\/","name":"TIru\u00f1a","description":"TIru\u00f1a","potentialAction":[{"@type":"SearchAction","target":{"@type":"EntryPoint","urlTemplate":"https:\/\/www.tiruna.com\/fr\/?s={search_term_string}"},"query-input":{"@type":"PropertyValueSpecification","valueRequired":true,"valueName":"search_term_string"}}],"inLanguage":"fr-FR"}]}},"_links":{"self":[{"href":"https:\/\/www.tiruna.com\/fr\/wp-json\/wp\/v2\/pages\/1513","targetHints":{"allow":["GET"]}}],"collection":[{"href":"https:\/\/www.tiruna.com\/fr\/wp-json\/wp\/v2\/pages"}],"about":[{"href":"https:\/\/www.tiruna.com\/fr\/wp-json\/wp\/v2\/types\/page"}],"author":[{"embeddable":true,"href":"https:\/\/www.tiruna.com\/fr\/wp-json\/wp\/v2\/users\/1"}],"replies":[{"embeddable":true,"href":"https:\/\/www.tiruna.com\/fr\/wp-json\/wp\/v2\/comments?post=1513"}],"version-history":[{"count":0,"href":"https:\/\/www.tiruna.com\/fr\/wp-json\/wp\/v2\/pages\/1513\/revisions"}],"up":[{"embeddable":true,"href":"https:\/\/www.tiruna.com\/fr\/wp-json\/wp\/v2\/pages\/718"}],"wp:attachment":[{"href":"https:\/\/www.tiruna.com\/fr\/wp-json\/wp\/v2\/media?parent=1513"}],"curies":[{"name":"wp","href":"https:\/\/api.w.org\/{rel}","templated":true}]}}